{"id":8,"date":"2020-09-03T22:43:51","date_gmt":"2020-09-03T20:43:51","guid":{"rendered":"http:\/\/cyclades.e-samson.org\/?page_id=8"},"modified":"2023-02-16T15:54:42","modified_gmt":"2023-02-16T14:54:42","slug":"a-propos","status":"publish","type":"page","link":"https:\/\/cyclades.e-samson.org\/?page_id=8","title":{"rendered":"A propos"},"content":{"rendered":"\n<p>Bonjour, nous sommes la famille Samson-Zilliox.&nbsp;<\/p>\n\n\n\n<p>Dans ce blog, nous allons vous raconter notre voyage en bateau dans les Cyclades en Gr\u00e8ce, en septembre 2020.<\/p>\n\n\n\n<figure class=\"wp-block-gallery columns-3 is-cropped wp-block-gallery-1 is-layout-flex wp-block-gallery-is-layout-flex\"><ul class=\"blocks-gallery-grid\"><li class=\"blocks-gallery-item\"><figure><img loading=\"lazy\" decoding=\"async\" width=\"1024\" height=\"683\" src=\"http:\/\/cyclades.e-samson.org\/wp-content\/uploads\/2020\/09\/619796332.388588-1024x683.jpg\" alt=\"\" data-id=\"21\" data-link=\"http:\/\/cyclades.e-samson.org\/?attachment_id=21\" class=\"wp-image-21\" srcset=\"https:\/\/cyclades.e-samson.org\/wp-content\/uploads\/2020\/09\/619796332.388588-1024x683.jpg 1024w, https:\/\/cyclades.e-samson.org\/wp-content\/uploads\/2020\/09\/619796332.388588-300x200.jpg 300w, https:\/\/cyclades.e-samson.org\/wp-content\/uploads\/2020\/09\/619796332.388588-768x512.jpg 768w, https:\/\/cyclades.e-samson.org\/wp-content\/uploads\/2020\/09\/619796332.388588.jpg 1353w\" sizes=\"auto, (max-width: 1024px) 100vw, 1024px\" \/><\/figure><\/li><li class=\"blocks-gallery-item\"><figure><img loading=\"lazy\" decoding=\"async\" width=\"1024\" height=\"768\" src=\"http:\/\/cyclades.e-samson.org\/wp-content\/uploads\/2020\/09\/IMG_9785-1024x768.jpg\" alt=\"\" data-id=\"22\" data-link=\"http:\/\/cyclades.e-samson.org\/?attachment_id=22\" class=\"wp-image-22\" srcset=\"https:\/\/cyclades.e-samson.org\/wp-content\/uploads\/2020\/09\/IMG_9785-1024x768.jpg 1024w, https:\/\/cyclades.e-samson.org\/wp-content\/uploads\/2020\/09\/IMG_9785-300x225.jpg 300w, https:\/\/cyclades.e-samson.org\/wp-content\/uploads\/2020\/09\/IMG_9785-768x576.jpg 768w, https:\/\/cyclades.e-samson.org\/wp-content\/uploads\/2020\/09\/IMG_9785.jpg 1203w\" sizes=\"auto, (max-width: 1024px) 100vw, 1024px\" \/><\/figure><\/li><li class=\"blocks-gallery-item\"><figure><img loading=\"lazy\" decoding=\"async\" width=\"768\" height=\"1024\" src=\"http:\/\/cyclades.e-samson.org\/wp-content\/uploads\/2020\/09\/IMG_9867-768x1024.jpg\" alt=\"\" data-id=\"20\" data-link=\"http:\/\/cyclades.e-samson.org\/?attachment_id=20\" class=\"wp-image-20\" srcset=\"https:\/\/cyclades.e-samson.org\/wp-content\/uploads\/2020\/09\/IMG_9867-768x1024.jpg 768w, https:\/\/cyclades.e-samson.org\/wp-content\/uploads\/2020\/09\/IMG_9867-225x300.jpg 225w, https:\/\/cyclades.e-samson.org\/wp-content\/uploads\/2020\/09\/IMG_9867-1152x1536.jpg 1152w, https:\/\/cyclades.e-samson.org\/wp-content\/uploads\/2020\/09\/IMG_9867-1536x2048.jpg 1536w, https:\/\/cyclades.e-samson.org\/wp-content\/uploads\/2020\/09\/IMG_9867-scaled.jpg 1920w\" sizes=\"auto, (max-width: 768px) 100vw, 768px\" \/><\/figure><\/li><li class=\"blocks-gallery-item\"><figure><img loading=\"lazy\" decoding=\"async\" width=\"1024\" height=\"768\" src=\"http:\/\/cyclades.e-samson.org\/wp-content\/uploads\/2020\/09\/IMG_8575-1024x768.jpg\" alt=\"\" data-id=\"23\" data-link=\"http:\/\/cyclades.e-samson.org\/?attachment_id=23\" class=\"wp-image-23\" srcset=\"https:\/\/cyclades.e-samson.org\/wp-content\/uploads\/2020\/09\/IMG_8575-1024x768.jpg 1024w, https:\/\/cyclades.e-samson.org\/wp-content\/uploads\/2020\/09\/IMG_8575-300x225.jpg 300w, https:\/\/cyclades.e-samson.org\/wp-content\/uploads\/2020\/09\/IMG_8575-768x576.jpg 768w, https:\/\/cyclades.e-samson.org\/wp-content\/uploads\/2020\/09\/IMG_8575.jpg 1203w\" sizes=\"auto, (max-width: 1024px) 100vw, 1024px\" \/><\/figure><\/li><li class=\"blocks-gallery-item\"><figure><img loading=\"lazy\" decoding=\"async\" width=\"902\" height=\"902\" src=\"http:\/\/cyclades.e-samson.org\/wp-content\/uploads\/2020\/09\/12beb8d6-2c43-44cf-941e-c047cd5af67b.jpg\" alt=\"\" data-id=\"24\" data-full-url=\"http:\/\/cyclades.e-samson.org\/wp-content\/uploads\/2020\/09\/12beb8d6-2c43-44cf-941e-c047cd5af67b.jpg\" data-link=\"http:\/\/cyclades.e-samson.org\/?attachment_id=24\" class=\"wp-image-24\" srcset=\"https:\/\/cyclades.e-samson.org\/wp-content\/uploads\/2020\/09\/12beb8d6-2c43-44cf-941e-c047cd5af67b.jpg 902w, https:\/\/cyclades.e-samson.org\/wp-content\/uploads\/2020\/09\/12beb8d6-2c43-44cf-941e-c047cd5af67b-300x300.jpg 300w, https:\/\/cyclades.e-samson.org\/wp-content\/uploads\/2020\/09\/12beb8d6-2c43-44cf-941e-c047cd5af67b-150x150.jpg 150w, https:\/\/cyclades.e-samson.org\/wp-content\/uploads\/2020\/09\/12beb8d6-2c43-44cf-941e-c047cd5af67b-768x768.jpg 768w\" sizes=\"auto, (max-width: 902px) 100vw, 902px\" \/><\/figure><\/li><\/ul><\/figure>\n\n\n\n<p>Dans notre famille il y a : <\/p>\n\n\n\n<ul class=\"wp-block-list\"><li>J\u00e9r\u00f4me, qui a quarante-deux ans, qui est fan de voile et qui adore les choses complexes ; <\/li><li>Anne-Laure, qui a 39 ans, qui aime les choses simples, lire et surtout voyager ; <\/li><li>Elo\u00efse, qui a 8 ans, qui aime nager, faire de la p\u00e2tisserie, lire, sauter sur le trampoline et jouer aux playmobils ;<\/li><li>Joachim, qui a 5 ans, qui aime les choses complexes, qu\u2019on lui lise des histoires et les bonbons ;<\/li><li>Archibald, qui a 1 an et demi, qui aime les duplos et les c\u00e2lins ;<\/li><li>et moi, Cl\u00e9mentine, qui vais avoir 10 ans pendant notre voyage, qui adore lire et faire de la voile.<\/li><\/ul>\n\n\n\n<p>Notre bateau s\u2019appelle P\u00e9n\u00e9lope, c\u2019est un monocoque de 42 pieds.<\/p>\n","protected":false},"excerpt":{"rendered":"<p>Bonjour, nous sommes la famille Samson-Zilliox.&nbsp; Dans ce blog, nous allons vous raconter notre voyage en bateau dans les Cyclades en Gr\u00e8ce, en septembre 2020. Dans notre famille il y a : J\u00e9r\u00f4me, qui a &hellip; <\/p>\n","protected":false},"author":1,"featured_media":0,"parent":0,"menu_order":1,"comment_status":"closed","ping_status":"closed","template":"","meta":{"_s2mail":"","footnotes":""},"class_list":["post-8","page","type-page","status-publish","hentry"],"jetpack_sharing_enabled":true,"_links":{"self":[{"href":"https:\/\/cyclades.e-samson.org\/index.php?rest_route=\/wp\/v2\/pages\/8","targetHints":{"allow":["GET"]}}],"collection":[{"href":"https:\/\/cyclades.e-samson.org\/index.php?rest_route=\/wp\/v2\/pages"}],"about":[{"href":"https:\/\/cyclades.e-samson.org\/index.php?rest_route=\/wp\/v2\/types\/page"}],"author":[{"embeddable":true,"href":"https:\/\/cyclades.e-samson.org\/index.php?rest_route=\/wp\/v2\/users\/1"}],"replies":[{"embeddable":true,"href":"https:\/\/cyclades.e-samson.org\/index.php?rest_route=%2Fwp%2Fv2%2Fcomments&post=8"}],"version-history":[{"count":4,"href":"https:\/\/cyclades.e-samson.org\/index.php?rest_route=\/wp\/v2\/pages\/8\/revisions"}],"predecessor-version":[{"id":31,"href":"https:\/\/cyclades.e-samson.org\/index.php?rest_route=\/wp\/v2\/pages\/8\/revisions\/31"}],"wp:attachment":[{"href":"https:\/\/cyclades.e-samson.org\/index.php?rest_route=%2Fwp%2Fv2%2Fmedia&parent=8"}],"curies":[{"name":"wp","href":"https:\/\/api.w.org\/{rel}","templated":true}]}}