{"id":12,"date":"2020-09-03T22:25:45","date_gmt":"2020-09-03T20:25:45","guid":{"rendered":"http:\/\/cyclades.e-samson.org\/?page_id=12"},"modified":"2023-06-08T22:04:25","modified_gmt":"2023-06-08T20:04:25","slug":"liens-utiles","status":"publish","type":"page","link":"https:\/\/cyclades.e-samson.org\/?page_id=12","title":{"rendered":"Liens utiles"},"content":{"rendered":"\n<p><strong>Blogs de nos amis navigateurs<\/strong> &#8211; Ils sont pour nous des sources d&#8217;inspiration !<\/p>\n\n\n\n<ul class=\"wp-block-list\">\n<li><a rel=\"noreferrer noopener\" href=\"https:\/\/tennantlabarre.wordpress.com\/\" data-type=\"URL\" data-id=\"https:\/\/tennantlabarre.wordpress.com\/\" target=\"_blank\">Tennant la barre<\/a> &#8211; Un an dans les Antilles en famille !<\/li>\n\n\n\n<li><a rel=\"noreferrer noopener\" href=\"https:\/\/belle-isle.eu\/\" data-type=\"URL\" data-id=\"https:\/\/belle-isle.eu\/\" target=\"_blank\">Fleur de sel autour du monde<\/a> &#8211; Heidi et Nicolas, 7 ans autour du monde !<\/li>\n<\/ul>\n\n\n\n<h2 class=\"wp-block-heading\">Delos<\/h2>\n\n\n\n<ul class=\"wp-block-list\">\n<li><a href=\"http:\/\/www.cruiserswiki.org\/wiki\/Rhinia#Delos\">Sur le site de CruisersWiki.org<\/a><\/li>\n\n\n\n<li><a href=\"https:\/\/whc.unesco.org\/en\/list\/530\">Sur le site du patrimoine mondial de l&#8217;UNESCO<\/a><\/li>\n<\/ul>\n\n\n\n<h2 class=\"wp-block-heading\">M\u00e9t\u00e9o en Gr\u00e8ce <\/h2>\n\n\n\n<ul class=\"wp-block-list\">\n<li><a href=\"https:\/\/poseidon-new.hcmr.gr\/map?model=meteo&amp;param=w10\">Poseidon<\/a> &#8211; le service de m\u00e9t\u00e9o sp\u00e9cifique \u00e0 la Gr\u00e8ce<\/li>\n<\/ul>\n\n\n\n<h2 class=\"wp-block-heading\">Trouver un guide pour visiter les sites arch\u00e9ologiques<\/h2>\n\n\n\n<ul class=\"wp-block-list\">\n<li><a rel=\"noreferrer noopener\" href=\"http:\/\/www.tourist-guides.gr\/fr\/guides-profiles.aspx\" target=\"_blank\">L&#8217;association des guides de Gr\u00e8ce<\/a> : on peut chercher par langue et site, tr\u00e8s pratique pour organiser une visite priv\u00e9e m\u00eame au dernier moment<\/li>\n<\/ul>\n\n\n\n<h2 class=\"wp-block-heading\">Guides de voyage<\/h2>\n\n\n\n<figure class=\"wp-block-embed-wordpress wp-block-embed is-type-wp-embed is-provider-voyages-et-enfants\"><div class=\"wp-block-embed__wrapper\">\n<blockquote class=\"wp-embedded-content\" data-secret=\"08Zyr5eOtI\"><a href=\"https:\/\/www.voyagesetenfants.com\/croisiere-dans-les-cyclades-nos-visites-avec-les-enfants-22\/\">Nos visites dans les Cyclades en famille<\/a><\/blockquote><iframe loading=\"lazy\" class=\"wp-embedded-content\" sandbox=\"allow-scripts\" security=\"restricted\" style=\"position: absolute; clip: rect(1px, 1px, 1px, 1px);\" title=\"\u00ab\u00a0Nos visites dans les Cyclades en famille\u00a0\u00bb &#8212; VOYAGES ET ENFANTS\" src=\"https:\/\/www.voyagesetenfants.com\/croisiere-dans-les-cyclades-nos-visites-avec-les-enfants-22\/embed\/#?secret=cL4Oqkqjqo#?secret=08Zyr5eOtI\" data-secret=\"08Zyr5eOtI\" width=\"600\" height=\"338\" frameborder=\"0\" marginwidth=\"0\" marginheight=\"0\" scrolling=\"no\"><\/iframe>\n<\/div><\/figure>\n\n\n\n<figure class=\"wp-block-embed-wordpress wp-block-embed is-type-wp-embed is-provider-femmes-debordees\"><div class=\"wp-block-embed__wrapper\">\n<blockquote class=\"wp-embedded-content\" data-secret=\"1SyYDxTr6p\"><a href=\"https:\/\/femmesdebordees.fr\/les-cyclades-en-famille\/\">Les Cyclades en famille<\/a><\/blockquote><iframe loading=\"lazy\" class=\"wp-embedded-content\" sandbox=\"allow-scripts\" security=\"restricted\" style=\"position: absolute; clip: rect(1px, 1px, 1px, 1px);\" title=\"\u00ab\u00a0Les Cyclades en famille\u00a0\u00bb &#8212; Femmes D\u00e9bord\u00e9es\" src=\"https:\/\/femmesdebordees.fr\/les-cyclades-en-famille\/embed\/#?secret=1SyYDxTr6p\" data-secret=\"1SyYDxTr6p\" width=\"600\" height=\"338\" frameborder=\"0\" marginwidth=\"0\" marginheight=\"0\" scrolling=\"no\"><\/iframe>\n<\/div><\/figure>\n\n\n\n<p><a href=\"https:\/\/www.villanovo.fr\/guides\/grece\/cyclades-autres-iles\/activites-avec-les-enfants\">https:\/\/www.villanovo.fr\/guides\/grece\/cyclades-autres-iles\/activites-avec-les-enfants<\/a><\/p>\n\n\n\n<p><a href=\"https:\/\/www.voyagefamily.com\/destinations\/les-cyclades_23\/ile-de-santorin-grece-en-famille\">https:\/\/www.voyagefamily.com\/destinations\/les-cyclades_23\/ile-de-santorin-grece-en-famille<\/a><\/p>\n\n\n\n<h2 class=\"wp-block-heading\">Hongrie<\/h2>\n\n\n\n<p>Bus et trains super pratique : https:\/\/menetrendek.hu\/mobile\/<\/p>\n\n\n\n<p>Bateaux sur le lac Balaton : <a href=\"https:\/\/jegy.bahart.hu\/Shop\/Index\" target=\"_blank\" rel=\"noreferrer noopener\">Bahart.hu <\/a><\/p>\n\n\n\n<h2 class=\"wp-block-heading\">Workflow pour transformer un blog de voyage en livre photo<\/h2>\n\n\n\n<p>Exporter le blog en XML<\/p>\n\n\n\n<p>Convertir le XML en HTML avec images embedded : <a href=\"https:\/\/www.devio.at\/en\/projects\/wpxslgui\/\">https:\/\/www.devio.at\/en\/projects\/wpxslgui\/<\/a><\/p>\n\n\n\n<figure class=\"wp-block-image size-full\"><a href=\"https:\/\/cyclades.e-samson.org\/wp-content\/uploads\/2023\/06\/image.png\"><img loading=\"lazy\" decoding=\"async\" width=\"574\" height=\"212\" src=\"https:\/\/cyclades.e-samson.org\/wp-content\/uploads\/2023\/06\/image.png\" alt=\"\" class=\"wp-image-2980\" srcset=\"https:\/\/cyclades.e-samson.org\/wp-content\/uploads\/2023\/06\/image.png 574w, https:\/\/cyclades.e-samson.org\/wp-content\/uploads\/2023\/06\/image-300x111.png 300w\" sizes=\"auto, (max-width: 574px) 100vw, 574px\" \/><\/a><\/figure>\n\n\n\n<p>Downloader toutes les images avec un web crawler par exemple https:\/\/www.httrack.com\/page\/2\/fr\/index.html &#8211;> elles devraient \u00eatre t\u00e9l\u00e9charg\u00e9es dans l&#8217;ordre des posts<\/p>\n\n\n\n<p>Renommer toutes les images dans l&#8217;ordre de t\u00e9l\u00e9chargement<\/p>\n\n\n\n<p>Importer les images dans le logiciel de cr\u00e9ation de livre photo + ajouter le texte<\/p>\n\n\n\n<p>Pour exporter le texte la version gratuite de BlogBooker permet de g\u00e9n\u00e9rer un fichier Word avec les textes et les commentaires<\/p>\n","protected":false},"excerpt":{"rendered":"<p>Blogs de nos amis navigateurs &#8211; Ils sont pour nous des sources d&#8217;inspiration ! Delos M\u00e9t\u00e9o en Gr\u00e8ce Trouver un guide pour visiter les sites arch\u00e9ologiques Guides de voyage https:\/\/www.villanovo.fr\/guides\/grece\/cyclades-autres-iles\/activites-avec-les-enfants https:\/\/www.voyagefamily.com\/destinations\/les-cyclades_23\/ile-de-santorin-grece-en-famille Hongrie Bus et trains &hellip; <\/p>\n","protected":false},"author":1,"featured_media":0,"parent":0,"menu_order":4,"comment_status":"closed","ping_status":"closed","template":"","meta":{"_s2mail":"yes","footnotes":""},"class_list":["post-12","page","type-page","status-publish","hentry"],"jetpack_sharing_enabled":true,"_links":{"self":[{"href":"https:\/\/cyclades.e-samson.org\/index.php?rest_route=\/wp\/v2\/pages\/12","targetHints":{"allow":["GET"]}}],"collection":[{"href":"https:\/\/cyclades.e-samson.org\/index.php?rest_route=\/wp\/v2\/pages"}],"about":[{"href":"https:\/\/cyclades.e-samson.org\/index.php?rest_route=\/wp\/v2\/types\/page"}],"author":[{"embeddable":true,"href":"https:\/\/cyclades.e-samson.org\/index.php?rest_route=\/wp\/v2\/users\/1"}],"replies":[{"embeddable":true,"href":"https:\/\/cyclades.e-samson.org\/index.php?rest_route=%2Fwp%2Fv2%2Fcomments&post=12"}],"version-history":[{"count":8,"href":"https:\/\/cyclades.e-samson.org\/index.php?rest_route=\/wp\/v2\/pages\/12\/revisions"}],"predecessor-version":[{"id":2981,"href":"https:\/\/cyclades.e-samson.org\/index.php?rest_route=\/wp\/v2\/pages\/12\/revisions\/2981"}],"wp:attachment":[{"href":"https:\/\/cyclades.e-samson.org\/index.php?rest_route=%2Fwp%2Fv2%2Fmedia&parent=12"}],"curies":[{"name":"wp","href":"https:\/\/api.w.org\/{rel}","templated":true}]}}